{"id":1835,"date":"2023-07-18T22:30:06","date_gmt":"2023-07-18T22:30:06","guid":{"rendered":"https:\/\/unetealaplayfulrevolution.com\/?page_id=1835"},"modified":"2023-07-18T22:30:56","modified_gmt":"2023-07-18T22:30:56","slug":"curso","status":"publish","type":"page","link":"https:\/\/unetealaplayfulrevolution.com\/index.php\/curso\/","title":{"rendered":"Curso"},"content":{"rendered":"\n<p>La introducci\u00f3n del juego en el entorno laboral puede ser considerada una idea inadecuada por algunos, pero hay visi\u00f3n que aboga por que los empresarios y directivos se unan a la revoluci\u00f3n l\u00fadica. Esta visi\u00f3n propone que al fomentar la creatividad y el juego, la confianza mutua se incrementa, el estr\u00e9s se reduce y entorno impulsa la productividad y la colaboraci\u00f3n en equipo, logrando mejores resultados.<\/p>\n\n\n\n<p>La investigaci\u00f3n y la experiencia personal respaldan la idea de que es posible llevar la imaginaci\u00f3n al lugar de trabajo a trav\u00e9s de procesos y herramientas espec\u00edficas. Adem\u00e1s, se apuesta firmemente por la inclusi\u00f3n y la diversidad como componentes b\u00e1sicos de la innovaci\u00f3n.<\/p>\n\n\n\n<p>Algunos de los beneficios que se pueden obtener al introducir actividades l\u00fadicas en el espacio de trabajo incluyen:<\/p>\n\n\n\n<ol class=\"wp-block-list\">\n<li><strong>Mejora de la cohesi\u00f3n del equipo<\/strong>, la comunicaci\u00f3n y la productividad en empresas de nueva creaci\u00f3n y equipos de proyectos de gran envergadura.<\/li>\n\n\n\n<li><strong>Incorporaci\u00f3n de herramientas para la creatividad y las nuevas ideas<\/strong>&nbsp;tanto para los miembros del equipo como para los l\u00edderes.<\/li>\n\n\n\n<li>Actividades promovidas por el personal de recursos humanos para fortalecer los lazos entre los empleados, aliviar el estr\u00e9s y aumentar el compromiso.<\/li>\n<\/ol>\n\n\n\n<p>Unirse a la revoluci\u00f3n l\u00fadica implica atreverse a explorar la intersecci\u00f3n entre la creatividad, el juego y el trabajo. Se argumenta que introducir una cultura l\u00fadica en el lugar de trabajo es una acci\u00f3n de bajo coste con alto retorno: puede elevar la innovaci\u00f3n, la productividad, el compromiso y la felicidad del equipo. A largo plazo, esto beneficia tanto el trabajo como la empresa en general.&nbsp;<\/p>\n\n\n\n<p>Ap\u00fantate <a href=\"https:\/\/mobilizaacademy.com\/cursos\/metodologias-agiles\/playful-revolution\/\" data-type=\"URL\" data-id=\"https:\/\/mobilizaacademy.com\/cursos\/metodologias-agiles\/playful-revolution\/\">aqu\u00ed<\/a><\/p>\n","protected":false},"excerpt":{"rendered":"<p>La introducci\u00f3n del juego en el entorno laboral puede ser considerada una idea inadecuada por algunos, pero hay visi\u00f3n que aboga por que los empresarios y directivos se unan a la revoluci\u00f3n l\u00fadica. Esta visi\u00f3n propone que al fomentar la creatividad y el juego, la confianza mutua se incrementa, el estr\u00e9s se reduce y entorno [&hellip;]<\/p>\n","protected":false},"author":1,"featured_media":0,"parent":0,"menu_order":0,"comment_status":"closed","ping_status":"closed","template":"","meta":{"footnotes":""},"class_list":["post-1835","page","type-page","status-publish","hentry"],"_links":{"self":[{"href":"https:\/\/unetealaplayfulrevolution.com\/index.php\/wp-json\/wp\/v2\/pages\/1835","targetHints":{"allow":["GET"]}}],"collection":[{"href":"https:\/\/unetealaplayfulrevolution.com\/index.php\/wp-json\/wp\/v2\/pages"}],"about":[{"href":"https:\/\/unetealaplayfulrevolution.com\/index.php\/wp-json\/wp\/v2\/types\/page"}],"author":[{"embeddable":true,"href":"https:\/\/unetealaplayfulrevolution.com\/index.php\/wp-json\/wp\/v2\/users\/1"}],"replies":[{"embeddable":true,"href":"https:\/\/unetealaplayfulrevolution.com\/index.php\/wp-json\/wp\/v2\/comments?post=1835"}],"version-history":[{"count":2,"href":"https:\/\/unetealaplayfulrevolution.com\/index.php\/wp-json\/wp\/v2\/pages\/1835\/revisions"}],"predecessor-version":[{"id":1837,"href":"https:\/\/unetealaplayfulrevolution.com\/index.php\/wp-json\/wp\/v2\/pages\/1835\/revisions\/1837"}],"wp:attachment":[{"href":"https:\/\/unetealaplayfulrevolution.com\/index.php\/wp-json\/wp\/v2\/media?parent=1835"}],"curies":[{"name":"wp","href":"https:\/\/api.w.org\/{rel}","templated":true}]}}